{"id":9034,"date":"2020-09-27T15:07:34","date_gmt":"2020-09-27T15:07:34","guid":{"rendered":"https:\/\/www.nido-architecture.com\/avvisi-legali\/"},"modified":"2024-09-18T12:06:37","modified_gmt":"2024-09-18T12:06:37","slug":"avvisi-legali","status":"publish","type":"page","link":"https:\/\/www.nido-architecture.com\/it\/avvisi-legali\/","title":{"rendered":"Avvisi legali"},"content":{"rendered":"\t\t<div data-elementor-type=\"wp-page\" data-elementor-id=\"9034\" class=\"elementor elementor-9034 elementor-2385\" data-elementor-post-type=\"page\">\n\t\t\t\t\t\t<section class=\"elementor-section elementor-top-section elementor-element elementor-element-56c3ec3 elementor-section-boxed elementor-section-height-default elementor-section-height-default\" data-id=\"56c3ec3\" data-element_type=\"section\" data-e-type=\"section\">\n\t\t\t\t\t\t<div class=\"elementor-container elementor-column-gap-wider\">\n\t\t\t\t\t<div class=\"elementor-column elementor-col-100 elementor-top-column elementor-element elementor-element-a45c362\" data-id=\"a45c362\" data-element_type=\"column\" data-e-type=\"column\">\n\t\t\t<div class=\"elementor-widget-wrap elementor-element-populated\">\n\t\t\t\t\t\t<div class=\"elementor-element elementor-element-e9bcd63 elementor-widget elementor-widget-text-editor\" data-id=\"e9bcd63\" data-element_type=\"widget\" data-e-type=\"widget\" data-widget_type=\"text-editor.default\">\n\t\t\t\t\t\t\t\t\t<div class=\"detailFrame clearfix\">\n<div id=\"inner-mentions-legales\" class=\"article\">\n<article class=\"clearfix\">\n<header>\n<h1 class=\"item shown\">Avvisi legali<\/h1>\n<\/header>\n<div class=\"compound_text item shown\">\n<p>Nido \u00e8 una societ\u00e0 a responsabilit\u00e0 limitata con capitale di 3.000 \u20ac iscritta al n. 519 968 077 presso l&#8217;R.C.S. di Parigi.<br \/>Siret: 519 968 077 00015<br \/>IVA intracomunitaria: FR04519968077<\/p>\n<p>Direzione:<br \/>186, rue du Faubourg Saint-Martin 75010 Paris &#8211; France<br \/>Telefono : 01 44 78 79 90<\/p>\n<p>Direttore della pubblicazione: Chiara Patrassi<\/p>\n<p>Il sito web www.nido-architecture.com \u00e8 ospitato da OVH, SAS con capitale di \u20ac 10.059.500 la cui sede legale si trova in 2, rue Kellermann 59100 Roubaix &#8211; Francia<\/p>\n<p>Il sito web www.nido-architecture.com \u00e8 stato creato da Point-Barre (www.point-barre.net), SARL con capitale di 13.000 euro, iscritta al n. 752 053 173 presso l&#8217;R.C.S di Parigi.<\/p>\n<p>L&#8217;identit\u00e0 visiva \u00e8 stata creata da S\u00e9bastien Dragon.<\/p>\n<\/div>\n<\/article>\n<\/div>\n<\/div>\n\t\t\t\t\t\t\t\t<\/div>\n\t\t\t\t\t<\/div>\n\t\t<\/div>\n\t\t\t\t\t<\/div>\n\t\t<\/section>\n\t\t\t\t<\/div>\n\t\t","protected":false},"excerpt":{"rendered":"<p>Avvisi legali Nido \u00e8 una societ\u00e0 a responsabilit\u00e0 limitata con capitale di 3.000 \u20ac iscritta al n. 519 968 077 presso l&#8217;R.C.S. di Parigi.Siret: 519 968 077 00015IVA intracomunitaria: FR04519968077 Direzione:186, rue du Faubourg Saint-Martin 75010 Paris &#8211; FranceTelefono : 01 44 78 79 90 Direttore della pubblicazione: Chiara Patrassi Il sito web www.nido-architecture.com \u00e8&hellip;<\/p>\n","protected":false},"author":2,"featured_media":0,"parent":0,"menu_order":0,"comment_status":"closed","ping_status":"closed","template":"","meta":{"inline_featured_image":false,"footnotes":""},"class_list":["post-9034","page","type-page","status-publish","hentry"],"yoast_head":"<!-- This site is optimized with the Yoast SEO plugin v27.5 - https:\/\/yoast.com\/product\/yoast-seo-wordpress\/ -->\n<title>Avvisi legali - NIDO Architecture<\/title>\n<meta name=\"robots\" content=\"index, follow, max-snippet:-1, max-image-preview:large, max-video-preview:-1\" \/>\n<link rel=\"canonical\" href=\"https:\/\/www.nido-architecture.com\/it\/avvisi-legali\/\" \/>\n<meta property=\"og:locale\" content=\"it_IT\" \/>\n<meta property=\"og:type\" content=\"article\" \/>\n<meta property=\"og:title\" content=\"Avvisi legali - NIDO Architecture\" \/>\n<meta property=\"og:description\" content=\"Avvisi legali Nido \u00e8 una societ\u00e0 a responsabilit\u00e0 limitata con capitale di 3.000 \u20ac iscritta al n. 519 968 077 presso l&#8217;R.C.S. di Parigi.Siret: 519 968 077 00015IVA intracomunitaria: FR04519968077 Direzione:186, rue du Faubourg Saint-Martin 75010 Paris &#8211; FranceTelefono : 01 44 78 79 90 Direttore della pubblicazione: Chiara Patrassi Il sito web www.nido-architecture.com \u00e8&hellip;\" \/>\n<meta property=\"og:url\" content=\"https:\/\/www.nido-architecture.com\/it\/avvisi-legali\/\" \/>\n<meta property=\"og:site_name\" content=\"NIDO Architecture\" \/>\n<meta property=\"article:publisher\" content=\"https:\/\/fr-fr.facebook.com\/nido.architecture\" \/>\n<meta property=\"article:modified_time\" content=\"2024-09-18T12:06:37+00:00\" \/>\n<meta name=\"twitter:card\" content=\"summary_large_image\" \/>\n<script type=\"application\/ld+json\" class=\"yoast-schema-graph\">{\"@context\":\"https:\\\/\\\/schema.org\",\"@graph\":[{\"@type\":\"WebPage\",\"@id\":\"https:\\\/\\\/www.nido-architecture.com\\\/it\\\/avvisi-legali\\\/\",\"url\":\"https:\\\/\\\/www.nido-architecture.com\\\/it\\\/avvisi-legali\\\/\",\"name\":\"Avvisi legali - NIDO Architecture\",\"isPartOf\":{\"@id\":\"https:\\\/\\\/www.nido-architecture.com\\\/it\\\/#website\"},\"datePublished\":\"2020-09-27T15:07:34+00:00\",\"dateModified\":\"2024-09-18T12:06:37+00:00\",\"breadcrumb\":{\"@id\":\"https:\\\/\\\/www.nido-architecture.com\\\/it\\\/avvisi-legali\\\/#breadcrumb\"},\"inLanguage\":\"it-IT\",\"potentialAction\":[{\"@type\":\"ReadAction\",\"target\":[\"https:\\\/\\\/www.nido-architecture.com\\\/it\\\/avvisi-legali\\\/\"]}]},{\"@type\":\"BreadcrumbList\",\"@id\":\"https:\\\/\\\/www.nido-architecture.com\\\/it\\\/avvisi-legali\\\/#breadcrumb\",\"itemListElement\":[{\"@type\":\"ListItem\",\"position\":1,\"name\":\"Accueil\",\"item\":\"https:\\\/\\\/www.nido-architecture.com\\\/it\\\/\"},{\"@type\":\"ListItem\",\"position\":2,\"name\":\"Avvisi legali\"}]},{\"@type\":\"WebSite\",\"@id\":\"https:\\\/\\\/www.nido-architecture.com\\\/it\\\/#website\",\"url\":\"https:\\\/\\\/www.nido-architecture.com\\\/it\\\/\",\"name\":\"NIDO Architecture\",\"description\":\"\",\"publisher\":{\"@id\":\"https:\\\/\\\/www.nido-architecture.com\\\/it\\\/#organization\"},\"potentialAction\":[{\"@type\":\"SearchAction\",\"target\":{\"@type\":\"EntryPoint\",\"urlTemplate\":\"https:\\\/\\\/www.nido-architecture.com\\\/it\\\/?s={search_term_string}\"},\"query-input\":{\"@type\":\"PropertyValueSpecification\",\"valueRequired\":true,\"valueName\":\"search_term_string\"}}],\"inLanguage\":\"it-IT\"},{\"@type\":\"Organization\",\"@id\":\"https:\\\/\\\/www.nido-architecture.com\\\/it\\\/#organization\",\"name\":\"NIDO Architecture\",\"url\":\"https:\\\/\\\/www.nido-architecture.com\\\/it\\\/\",\"logo\":{\"@type\":\"ImageObject\",\"inLanguage\":\"it-IT\",\"@id\":\"https:\\\/\\\/www.nido-architecture.com\\\/it\\\/#\\\/schema\\\/logo\\\/image\\\/\",\"url\":\"https:\\\/\\\/www.nido-architecture.com\\\/wp-content\\\/uploads\\\/2024\\\/08\\\/headerLogo-white-1.png\",\"contentUrl\":\"https:\\\/\\\/www.nido-architecture.com\\\/wp-content\\\/uploads\\\/2024\\\/08\\\/headerLogo-white-1.png\",\"width\":301,\"height\":199,\"caption\":\"NIDO Architecture\"},\"image\":{\"@id\":\"https:\\\/\\\/www.nido-architecture.com\\\/it\\\/#\\\/schema\\\/logo\\\/image\\\/\"},\"sameAs\":[\"https:\\\/\\\/fr-fr.facebook.com\\\/nido.architecture\"]}]}<\/script>\n<!-- \/ Yoast SEO plugin. -->","yoast_head_json":{"title":"Avvisi legali - NIDO Architecture","robots":{"index":"index","follow":"follow","max-snippet":"max-snippet:-1","max-image-preview":"max-image-preview:large","max-video-preview":"max-video-preview:-1"},"canonical":"https:\/\/www.nido-architecture.com\/it\/avvisi-legali\/","og_locale":"it_IT","og_type":"article","og_title":"Avvisi legali - NIDO Architecture","og_description":"Avvisi legali Nido \u00e8 una societ\u00e0 a responsabilit\u00e0 limitata con capitale di 3.000 \u20ac iscritta al n. 519 968 077 presso l&#8217;R.C.S. di Parigi.Siret: 519 968 077 00015IVA intracomunitaria: FR04519968077 Direzione:186, rue du Faubourg Saint-Martin 75010 Paris &#8211; FranceTelefono : 01 44 78 79 90 Direttore della pubblicazione: Chiara Patrassi Il sito web www.nido-architecture.com \u00e8&hellip;","og_url":"https:\/\/www.nido-architecture.com\/it\/avvisi-legali\/","og_site_name":"NIDO Architecture","article_publisher":"https:\/\/fr-fr.facebook.com\/nido.architecture","article_modified_time":"2024-09-18T12:06:37+00:00","twitter_card":"summary_large_image","schema":{"@context":"https:\/\/schema.org","@graph":[{"@type":"WebPage","@id":"https:\/\/www.nido-architecture.com\/it\/avvisi-legali\/","url":"https:\/\/www.nido-architecture.com\/it\/avvisi-legali\/","name":"Avvisi legali - NIDO Architecture","isPartOf":{"@id":"https:\/\/www.nido-architecture.com\/it\/#website"},"datePublished":"2020-09-27T15:07:34+00:00","dateModified":"2024-09-18T12:06:37+00:00","breadcrumb":{"@id":"https:\/\/www.nido-architecture.com\/it\/avvisi-legali\/#breadcrumb"},"inLanguage":"it-IT","potentialAction":[{"@type":"ReadAction","target":["https:\/\/www.nido-architecture.com\/it\/avvisi-legali\/"]}]},{"@type":"BreadcrumbList","@id":"https:\/\/www.nido-architecture.com\/it\/avvisi-legali\/#breadcrumb","itemListElement":[{"@type":"ListItem","position":1,"name":"Accueil","item":"https:\/\/www.nido-architecture.com\/it\/"},{"@type":"ListItem","position":2,"name":"Avvisi legali"}]},{"@type":"WebSite","@id":"https:\/\/www.nido-architecture.com\/it\/#website","url":"https:\/\/www.nido-architecture.com\/it\/","name":"NIDO Architecture","description":"","publisher":{"@id":"https:\/\/www.nido-architecture.com\/it\/#organization"},"potentialAction":[{"@type":"SearchAction","target":{"@type":"EntryPoint","urlTemplate":"https:\/\/www.nido-architecture.com\/it\/?s={search_term_string}"},"query-input":{"@type":"PropertyValueSpecification","valueRequired":true,"valueName":"search_term_string"}}],"inLanguage":"it-IT"},{"@type":"Organization","@id":"https:\/\/www.nido-architecture.com\/it\/#organization","name":"NIDO Architecture","url":"https:\/\/www.nido-architecture.com\/it\/","logo":{"@type":"ImageObject","inLanguage":"it-IT","@id":"https:\/\/www.nido-architecture.com\/it\/#\/schema\/logo\/image\/","url":"https:\/\/www.nido-architecture.com\/wp-content\/uploads\/2024\/08\/headerLogo-white-1.png","contentUrl":"https:\/\/www.nido-architecture.com\/wp-content\/uploads\/2024\/08\/headerLogo-white-1.png","width":301,"height":199,"caption":"NIDO Architecture"},"image":{"@id":"https:\/\/www.nido-architecture.com\/it\/#\/schema\/logo\/image\/"},"sameAs":["https:\/\/fr-fr.facebook.com\/nido.architecture"]}]}},"_links":{"self":[{"href":"https:\/\/www.nido-architecture.com\/it\/wp-json\/wp\/v2\/pages\/9034","targetHints":{"allow":["GET"]}}],"collection":[{"href":"https:\/\/www.nido-architecture.com\/it\/wp-json\/wp\/v2\/pages"}],"about":[{"href":"https:\/\/www.nido-architecture.com\/it\/wp-json\/wp\/v2\/types\/page"}],"author":[{"embeddable":true,"href":"https:\/\/www.nido-architecture.com\/it\/wp-json\/wp\/v2\/users\/2"}],"replies":[{"embeddable":true,"href":"https:\/\/www.nido-architecture.com\/it\/wp-json\/wp\/v2\/comments?post=9034"}],"version-history":[{"count":0,"href":"https:\/\/www.nido-architecture.com\/it\/wp-json\/wp\/v2\/pages\/9034\/revisions"}],"wp:attachment":[{"href":"https:\/\/www.nido-architecture.com\/it\/wp-json\/wp\/v2\/media?parent=9034"}],"curies":[{"name":"wp","href":"https:\/\/api.w.org\/{rel}","templated":true}]}}