{"id":9023,"date":"2024-08-28T09:18:11","date_gmt":"2024-08-28T09:18:11","guid":{"rendered":"https:\/\/www.nido-architecture.com\/la-squadra\/"},"modified":"2025-12-10T13:12:35","modified_gmt":"2025-12-10T13:12:35","slug":"la-squadra","status":"publish","type":"page","link":"https:\/\/www.nido-architecture.com\/it\/la-squadra\/","title":{"rendered":"La squadra"},"content":{"rendered":"\t\t<div data-elementor-type=\"wp-page\" data-elementor-id=\"9023\" class=\"elementor elementor-9023 elementor-6309\" data-elementor-post-type=\"page\">\n\t\t\t\t<div class=\"elementor-element elementor-element-efd6c04 e-con-full e-flex e-con e-parent\" data-id=\"efd6c04\" data-element_type=\"container\" data-e-type=\"container\">\n\t\t<div class=\"elementor-element elementor-element-9dfb653 e-con-full elementor-hidden-mobile e-flex e-con e-child\" data-id=\"9dfb653\" data-element_type=\"container\" data-e-type=\"container\">\n\t\t\t\t<div class=\"elementor-element elementor-element-a69179c elementor-widget elementor-widget-image\" data-id=\"a69179c\" data-element_type=\"widget\" data-e-type=\"widget\" data-widget_type=\"image.default\">\n\t\t\t\t\t\t\t\t\t\t\t\t\t\t\t<img loading=\"lazy\" decoding=\"async\" width=\"1707\" height=\"2560\" src=\"https:\/\/www.nido-architecture.com\/wp-content\/uploads\/2024\/08\/684-scaled.jpg\" class=\"attachment-full size-full wp-image-9024\" alt=\"\" srcset=\"https:\/\/www.nido-architecture.com\/wp-content\/uploads\/2024\/08\/684-scaled.jpg 1707w, https:\/\/www.nido-architecture.com\/wp-content\/uploads\/2024\/08\/684-200x300.jpg 200w, https:\/\/www.nido-architecture.com\/wp-content\/uploads\/2024\/08\/684-683x1024.jpg 683w, https:\/\/www.nido-architecture.com\/wp-content\/uploads\/2024\/08\/684-768x1152.jpg 768w, https:\/\/www.nido-architecture.com\/wp-content\/uploads\/2024\/08\/684-1024x1536.jpg 1024w, https:\/\/www.nido-architecture.com\/wp-content\/uploads\/2024\/08\/684-1365x2048.jpg 1365w\" sizes=\"auto, (max-width: 1707px) 100vw, 1707px\" \/>\t\t\t\t\t\t\t\t\t\t\t\t\t\t\t<\/div>\n\t\t\t\t<div class=\"elementor-element elementor-element-630dc37 elementor-widget elementor-widget-image\" data-id=\"630dc37\" data-element_type=\"widget\" data-e-type=\"widget\" data-widget_type=\"image.default\">\n\t\t\t\t\t\t\t\t\t\t\t\t\t\t\t<img loading=\"lazy\" decoding=\"async\" width=\"2560\" height=\"1707\" src=\"https:\/\/www.nido-architecture.com\/wp-content\/uploads\/2024\/08\/685-scaled.jpg\" class=\"attachment-full size-full wp-image-9025\" alt=\"\" srcset=\"https:\/\/www.nido-architecture.com\/wp-content\/uploads\/2024\/08\/685-scaled.jpg 2560w, https:\/\/www.nido-architecture.com\/wp-content\/uploads\/2024\/08\/685-300x200.jpg 300w, https:\/\/www.nido-architecture.com\/wp-content\/uploads\/2024\/08\/685-1024x683.jpg 1024w, https:\/\/www.nido-architecture.com\/wp-content\/uploads\/2024\/08\/685-768x512.jpg 768w, https:\/\/www.nido-architecture.com\/wp-content\/uploads\/2024\/08\/685-1536x1024.jpg 1536w, https:\/\/www.nido-architecture.com\/wp-content\/uploads\/2024\/08\/685-2048x1365.jpg 2048w\" sizes=\"auto, (max-width: 2560px) 100vw, 2560px\" \/>\t\t\t\t\t\t\t\t\t\t\t\t\t\t\t<\/div>\n\t\t\t\t<\/div>\n\t\t<div class=\"elementor-element elementor-element-e9cb885 e-con-full e-flex e-con e-child\" data-id=\"e9cb885\" data-element_type=\"container\" data-e-type=\"container\">\n\t\t\t\t<div class=\"elementor-element elementor-element-2c81dbc elementor-widget elementor-widget-heading\" data-id=\"2c81dbc\" data-element_type=\"widget\" data-e-type=\"widget\" data-widget_type=\"heading.default\">\n\t\t\t\t\t<h2 class=\"elementor-heading-title elementor-size-default\">La squadra<\/h2>\t\t\t\t<\/div>\n\t\t\t\t<div class=\"elementor-element elementor-element-87cd882 elementor-widget elementor-widget-spacer\" data-id=\"87cd882\" data-element_type=\"widget\" data-e-type=\"widget\" data-widget_type=\"spacer.default\">\n\t\t\t\t\t\t\t<div class=\"elementor-spacer\">\n\t\t\t<div class=\"elementor-spacer-inner\"><\/div>\n\t\t<\/div>\n\t\t\t\t\t\t<\/div>\n\t\t\t\t<div class=\"elementor-element elementor-element-9a7e618 elementor-hidden-mobile elementor-widget elementor-widget-text-editor\" data-id=\"9a7e618\" data-element_type=\"widget\" data-e-type=\"widget\" data-widget_type=\"text-editor.default\">\n\t\t\t\t\t\t\t\t\t<div class=\"compound_text item shown\"><p>Alexandra Bernaudin \u00e8 nata e cresciuta a Parigi dove ha studiato architettura alle Beaux-Arts. Ha lavorato per l&#8217;agenzia Gilles et Boissier su progetti di ristoranti e boutique nonch\u00e9 progetti residenziali e in particolare sul progetto di una barca a vela per un privato. Viene poi assunta dal designer di occhiali Alain Mikli per sviluppare i suoi negozi in tutto il mondo, in particolare in Giappone, il cui concept \u00e8 stato immaginato da Philippe Starck. Nel 2008, all&#8217;interno dell&#8217;agenzia di Philippe Starck, Alexandra ha collaborato ai progetti residenziali di lusso YOO Inspired by Starck. Una collaborazione regolare che continua ancora oggi con l&#8217;agenzia NIDO.    <\/p><p>Chiara Patrassi \u00e8 nata e cresciuta a Roma dove ha iniziato gli studi in architettura prima di proseguire gli studi alla Beaux-Arts di Parigi. Poi parte per New York per lavorare nell&#8217;agenzia di Peter Marino. Questa prima esperienza segna in lei la passione per l&#8217;architettura d&#8217;interni. Tornata a Parigi, Chiara ha lavorato per JM Wilmotte e Louis Vuitton Malletier. Presso Louis Vuitton ha gestito diversi progetti di negozi negli Stati Uniti, Brasile, Messico e Cina. Entra nell&#8217;agenzia di Philippe Starck nel 2007 e ha collaborato a progetti residenziali di lusso, tra cui due a Los Angeles. Una collaborazione regolare che continua ancora oggi con l&#8217;agenzia NIDO.      <\/p><p><em>Perch\u00e8 NIDO?<\/em> Perch\u00e9 nella forma \u00e8 una parola semplice e facilmente pronunciabile in tutte le lingue con connotazioni sia latine che giapponesi. In sostanza, perch\u00e9 \u201cil nido\u201d in italiano ci riferisce al nido, al rifugio e consideriamo che lo scopo stesso dell&#8217;architettura \u00e8 creare uno spazio per l&#8217;uomo dove stare bene: tutto questo nasce dall&#8217;alchimia di pi\u00f9 ingredienti: il proporzioni e volumi dello spazio, la gestione della luce, il trattamento dei materiali, la protezione dal rumore e dagli agenti climatici, tutto con l&#8217;obiettivo di creare comfort Come diceva Luis Barrag\u00e0n: Qualsiasi opera di architettura che non esprima serenit\u00e0 \u00e8 un errore . <\/p><\/div>\t\t\t\t\t\t\t\t<\/div>\n\t\t\t\t<div class=\"elementor-element elementor-element-213894d elementor-hidden-desktop elementor-hidden-tablet elementor-widget elementor-widget-text-editor\" data-id=\"213894d\" data-element_type=\"widget\" data-e-type=\"widget\" data-widget_type=\"text-editor.default\">\n\t\t\t\t\t\t\t\t\t<div class=\"compound_text item shown\"><p><em>Perch\u00e8 NIDO?<\/em> Perch\u00e9 nella forma \u00e8 una parola semplice e facilmente pronunciabile in tutte le lingue con connotazioni sia latine che giapponesi. In sostanza, perch\u00e9 \u201cil nido\u201d in italiano ci riferisce al nido, al rifugio e consideriamo che lo scopo stesso dell&#8217;architettura \u00e8 creare uno spazio per l&#8217;uomo dove stare bene: tutto questo nasce dall&#8217;alchimia di pi\u00f9 ingredienti: il proporzioni e volumi dello spazio, la gestione della luce, il trattamento dei materiali, la protezione dal rumore e dagli agenti climatici, tutto con l&#8217;obiettivo di creare comfort Come diceva Luis Barrag\u00e0n: Qualsiasi opera di architettura che non esprima serenit\u00e0 \u00e8 un errore . <\/p><\/div>\t\t\t\t\t\t\t\t<\/div>\n\t\t\t\t<div class=\"elementor-element elementor-element-00aee91 elementor-hidden-desktop elementor-hidden-tablet elementor-widget elementor-widget-image\" data-id=\"00aee91\" data-element_type=\"widget\" data-e-type=\"widget\" data-widget_type=\"image.default\">\n\t\t\t\t\t\t\t\t\t\t\t\t\t\t\t<img decoding=\"async\" width=\"1707\" height=\"2560\" src=\"https:\/\/www.nido-architecture.com\/wp-content\/uploads\/2024\/08\/684-scaled.jpg\" class=\"attachment-full size-full wp-image-9024\" alt=\"\" loading=\"lazy\" srcset=\"https:\/\/www.nido-architecture.com\/wp-content\/uploads\/2024\/08\/684-scaled.jpg 1707w, https:\/\/www.nido-architecture.com\/wp-content\/uploads\/2024\/08\/684-200x300.jpg 200w, https:\/\/www.nido-architecture.com\/wp-content\/uploads\/2024\/08\/684-683x1024.jpg 683w, https:\/\/www.nido-architecture.com\/wp-content\/uploads\/2024\/08\/684-768x1152.jpg 768w, https:\/\/www.nido-architecture.com\/wp-content\/uploads\/2024\/08\/684-1024x1536.jpg 1024w, https:\/\/www.nido-architecture.com\/wp-content\/uploads\/2024\/08\/684-1365x2048.jpg 1365w\" sizes=\"auto, (max-width: 1707px) 100vw, 1707px\" \/>\t\t\t\t\t\t\t\t\t\t\t\t\t\t\t<\/div>\n\t\t\t\t<div class=\"elementor-element elementor-element-d6ff257 elementor-hidden-desktop elementor-hidden-tablet elementor-widget elementor-widget-text-editor\" data-id=\"d6ff257\" data-element_type=\"widget\" data-e-type=\"widget\" data-widget_type=\"text-editor.default\">\n\t\t\t\t\t\t\t\t\tAlexandra Bernaudin \u00e8 nata e cresciuta a Parigi dove ha studiato architettura alle Beaux-Arts. Ha lavorato per l&#8217;agenzia Gilles et Boissier su progetti di ristoranti e boutique nonch\u00e9 progetti residenziali e in particolare sul progetto di una barca a vela per un privato. \u00c8 stata poi assunta dal designer di occhiali Alain Mikli per sviluppare il suo concept di negozio sviluppato da Philippe Starck in tutto il mondo, in particolare in Giappone. Assunta da Philippe Starck nel 2007, Alexandra \u00e8 stata responsabile dei progetti YOO (progetti residenziali di lusso) fino alla creazione di NIDO.   \t\t\t\t\t\t\t\t<\/div>\n\t\t\t\t<div class=\"elementor-element elementor-element-da956af elementor-hidden-desktop elementor-hidden-tablet elementor-widget elementor-widget-image\" data-id=\"da956af\" data-element_type=\"widget\" data-e-type=\"widget\" data-widget_type=\"image.default\">\n\t\t\t\t\t\t\t\t\t\t\t\t\t\t\t<img decoding=\"async\" width=\"2560\" height=\"1707\" src=\"https:\/\/www.nido-architecture.com\/wp-content\/uploads\/2024\/08\/685-scaled.jpg\" class=\"attachment-full size-full wp-image-9025\" alt=\"\" loading=\"lazy\" srcset=\"https:\/\/www.nido-architecture.com\/wp-content\/uploads\/2024\/08\/685-scaled.jpg 2560w, https:\/\/www.nido-architecture.com\/wp-content\/uploads\/2024\/08\/685-300x200.jpg 300w, https:\/\/www.nido-architecture.com\/wp-content\/uploads\/2024\/08\/685-1024x683.jpg 1024w, https:\/\/www.nido-architecture.com\/wp-content\/uploads\/2024\/08\/685-768x512.jpg 768w, https:\/\/www.nido-architecture.com\/wp-content\/uploads\/2024\/08\/685-1536x1024.jpg 1536w, https:\/\/www.nido-architecture.com\/wp-content\/uploads\/2024\/08\/685-2048x1365.jpg 2048w\" sizes=\"auto, (max-width: 2560px) 100vw, 2560px\" \/>\t\t\t\t\t\t\t\t\t\t\t\t\t\t\t<\/div>\n\t\t\t\t<div class=\"elementor-element elementor-element-ad800eb elementor-hidden-desktop elementor-hidden-tablet elementor-widget elementor-widget-text-editor\" data-id=\"ad800eb\" data-element_type=\"widget\" data-e-type=\"widget\" data-widget_type=\"text-editor.default\">\n\t\t\t\t\t\t\t\t\t<div class=\"compound_text item shown\"><p>Chiara Patrassi \u00e8 nata e cresciuta a Roma dove ha iniziato gli studi in architettura prima di proseguire gli studi alla Beaux-Arts di Parigi. Poi parte per New York per lavorare nell&#8217;agenzia di Peter Marino. Questa prima esperienza segna in lei la passione per l&#8217;architettura d&#8217;interni. Tornata a Parigi, Chiara ha lavorato per JM Wilmotte e Louis Vuitton Malletier. Presso Louis Vuitton ha gestito diversi progetti di negozi negli Stati Uniti, Brasile, Messico e Cina. Entra nell&#8217;agenzia di Philippe Starck nel 2007 e ha collaborato a progetti residenziali di lusso, tra cui due a Los Angeles. Una collaborazione regolare che continua ancora oggi con l&#8217;agenzia NIDO.      <\/p><\/div>\t\t\t\t\t\t\t\t<\/div>\n\t\t\t\t<\/div>\n\t\t\t\t<\/div>\n\t\t<div class=\"elementor-element elementor-element-9d1358d e-flex e-con-boxed e-con e-parent\" data-id=\"9d1358d\" data-element_type=\"container\" data-e-type=\"container\">\n\t\t\t\t\t<div class=\"e-con-inner\">\n\t\t\t\t\t<\/div>\n\t\t\t\t<\/div>\n\t\t\t\t<\/div>\n\t\t","protected":false},"excerpt":{"rendered":"<p>La squadra Alexandra Bernaudin \u00e8 nata e cresciuta a Parigi dove ha studiato architettura alle Beaux-Arts. Ha lavorato per l&#8217;agenzia Gilles et Boissier su progetti di ristoranti e boutique nonch\u00e9 progetti residenziali e in particolare sul progetto di una barca a vela per un privato. Viene poi assunta dal designer di occhiali Alain Mikli per&hellip;<\/p>\n","protected":false},"author":2,"featured_media":0,"parent":0,"menu_order":3,"comment_status":"closed","ping_status":"closed","template":"","meta":{"inline_featured_image":false,"footnotes":""},"class_list":["post-9023","page","type-page","status-publish","hentry"],"yoast_head":"<!-- This site is optimized with the Yoast SEO plugin v27.5 - https:\/\/yoast.com\/product\/yoast-seo-wordpress\/ -->\n<title>La squadra - NIDO Architecture<\/title>\n<meta name=\"robots\" content=\"index, follow, max-snippet:-1, max-image-preview:large, max-video-preview:-1\" \/>\n<link rel=\"canonical\" href=\"https:\/\/www.nido-architecture.com\/it\/la-squadra\/\" \/>\n<meta property=\"og:locale\" content=\"it_IT\" \/>\n<meta property=\"og:type\" content=\"article\" \/>\n<meta property=\"og:title\" content=\"La squadra - NIDO Architecture\" \/>\n<meta property=\"og:description\" content=\"La squadra Alexandra Bernaudin \u00e8 nata e cresciuta a Parigi dove ha studiato architettura alle Beaux-Arts. Ha lavorato per l&#8217;agenzia Gilles et Boissier su progetti di ristoranti e boutique nonch\u00e9 progetti residenziali e in particolare sul progetto di una barca a vela per un privato. Viene poi assunta dal designer di occhiali Alain Mikli per&hellip;\" \/>\n<meta property=\"og:url\" content=\"https:\/\/www.nido-architecture.com\/it\/la-squadra\/\" \/>\n<meta property=\"og:site_name\" content=\"NIDO Architecture\" \/>\n<meta property=\"article:publisher\" content=\"https:\/\/fr-fr.facebook.com\/nido.architecture\" \/>\n<meta property=\"article:modified_time\" content=\"2025-12-10T13:12:35+00:00\" \/>\n<meta property=\"og:image\" content=\"https:\/\/www.nido-architecture.com\/wp-content\/uploads\/2024\/08\/684-scaled.jpg\" \/>\n\t<meta property=\"og:image:width\" content=\"1707\" \/>\n\t<meta property=\"og:image:height\" content=\"2560\" \/>\n\t<meta property=\"og:image:type\" content=\"image\/jpeg\" \/>\n<meta name=\"twitter:card\" content=\"summary_large_image\" \/>\n<meta name=\"twitter:label1\" content=\"Tempo di lettura stimato\" \/>\n\t<meta name=\"twitter:data1\" content=\"3 minuti\" \/>\n<script type=\"application\/ld+json\" class=\"yoast-schema-graph\">{\"@context\":\"https:\\\/\\\/schema.org\",\"@graph\":[{\"@type\":\"WebPage\",\"@id\":\"https:\\\/\\\/www.nido-architecture.com\\\/it\\\/la-squadra\\\/\",\"url\":\"https:\\\/\\\/www.nido-architecture.com\\\/it\\\/la-squadra\\\/\",\"name\":\"La squadra - NIDO Architecture\",\"isPartOf\":{\"@id\":\"https:\\\/\\\/www.nido-architecture.com\\\/it\\\/#website\"},\"primaryImageOfPage\":{\"@id\":\"https:\\\/\\\/www.nido-architecture.com\\\/it\\\/la-squadra\\\/#primaryimage\"},\"image\":{\"@id\":\"https:\\\/\\\/www.nido-architecture.com\\\/it\\\/la-squadra\\\/#primaryimage\"},\"thumbnailUrl\":\"https:\\\/\\\/www.nido-architecture.com\\\/wp-content\\\/uploads\\\/2024\\\/08\\\/684-scaled.jpg\",\"datePublished\":\"2024-08-28T09:18:11+00:00\",\"dateModified\":\"2025-12-10T13:12:35+00:00\",\"breadcrumb\":{\"@id\":\"https:\\\/\\\/www.nido-architecture.com\\\/it\\\/la-squadra\\\/#breadcrumb\"},\"inLanguage\":\"it-IT\",\"potentialAction\":[{\"@type\":\"ReadAction\",\"target\":[\"https:\\\/\\\/www.nido-architecture.com\\\/it\\\/la-squadra\\\/\"]}]},{\"@type\":\"ImageObject\",\"inLanguage\":\"it-IT\",\"@id\":\"https:\\\/\\\/www.nido-architecture.com\\\/it\\\/la-squadra\\\/#primaryimage\",\"url\":\"https:\\\/\\\/www.nido-architecture.com\\\/wp-content\\\/uploads\\\/2024\\\/08\\\/684-scaled.jpg\",\"contentUrl\":\"https:\\\/\\\/www.nido-architecture.com\\\/wp-content\\\/uploads\\\/2024\\\/08\\\/684-scaled.jpg\"},{\"@type\":\"BreadcrumbList\",\"@id\":\"https:\\\/\\\/www.nido-architecture.com\\\/it\\\/la-squadra\\\/#breadcrumb\",\"itemListElement\":[{\"@type\":\"ListItem\",\"position\":1,\"name\":\"Accueil\",\"item\":\"https:\\\/\\\/www.nido-architecture.com\\\/it\\\/\"},{\"@type\":\"ListItem\",\"position\":2,\"name\":\"La squadra\"}]},{\"@type\":\"WebSite\",\"@id\":\"https:\\\/\\\/www.nido-architecture.com\\\/it\\\/#website\",\"url\":\"https:\\\/\\\/www.nido-architecture.com\\\/it\\\/\",\"name\":\"NIDO Architecture\",\"description\":\"\",\"publisher\":{\"@id\":\"https:\\\/\\\/www.nido-architecture.com\\\/it\\\/#organization\"},\"potentialAction\":[{\"@type\":\"SearchAction\",\"target\":{\"@type\":\"EntryPoint\",\"urlTemplate\":\"https:\\\/\\\/www.nido-architecture.com\\\/it\\\/?s={search_term_string}\"},\"query-input\":{\"@type\":\"PropertyValueSpecification\",\"valueRequired\":true,\"valueName\":\"search_term_string\"}}],\"inLanguage\":\"it-IT\"},{\"@type\":\"Organization\",\"@id\":\"https:\\\/\\\/www.nido-architecture.com\\\/it\\\/#organization\",\"name\":\"NIDO Architecture\",\"url\":\"https:\\\/\\\/www.nido-architecture.com\\\/it\\\/\",\"logo\":{\"@type\":\"ImageObject\",\"inLanguage\":\"it-IT\",\"@id\":\"https:\\\/\\\/www.nido-architecture.com\\\/it\\\/#\\\/schema\\\/logo\\\/image\\\/\",\"url\":\"https:\\\/\\\/www.nido-architecture.com\\\/wp-content\\\/uploads\\\/2024\\\/08\\\/headerLogo-white-1.png\",\"contentUrl\":\"https:\\\/\\\/www.nido-architecture.com\\\/wp-content\\\/uploads\\\/2024\\\/08\\\/headerLogo-white-1.png\",\"width\":301,\"height\":199,\"caption\":\"NIDO Architecture\"},\"image\":{\"@id\":\"https:\\\/\\\/www.nido-architecture.com\\\/it\\\/#\\\/schema\\\/logo\\\/image\\\/\"},\"sameAs\":[\"https:\\\/\\\/fr-fr.facebook.com\\\/nido.architecture\"]}]}<\/script>\n<!-- \/ Yoast SEO plugin. -->","yoast_head_json":{"title":"La squadra - NIDO Architecture","robots":{"index":"index","follow":"follow","max-snippet":"max-snippet:-1","max-image-preview":"max-image-preview:large","max-video-preview":"max-video-preview:-1"},"canonical":"https:\/\/www.nido-architecture.com\/it\/la-squadra\/","og_locale":"it_IT","og_type":"article","og_title":"La squadra - NIDO Architecture","og_description":"La squadra Alexandra Bernaudin \u00e8 nata e cresciuta a Parigi dove ha studiato architettura alle Beaux-Arts. Ha lavorato per l&#8217;agenzia Gilles et Boissier su progetti di ristoranti e boutique nonch\u00e9 progetti residenziali e in particolare sul progetto di una barca a vela per un privato. Viene poi assunta dal designer di occhiali Alain Mikli per&hellip;","og_url":"https:\/\/www.nido-architecture.com\/it\/la-squadra\/","og_site_name":"NIDO Architecture","article_publisher":"https:\/\/fr-fr.facebook.com\/nido.architecture","article_modified_time":"2025-12-10T13:12:35+00:00","og_image":[{"width":1707,"height":2560,"url":"https:\/\/www.nido-architecture.com\/wp-content\/uploads\/2024\/08\/684-scaled.jpg","type":"image\/jpeg"}],"twitter_card":"summary_large_image","twitter_misc":{"Tempo di lettura stimato":"3 minuti"},"schema":{"@context":"https:\/\/schema.org","@graph":[{"@type":"WebPage","@id":"https:\/\/www.nido-architecture.com\/it\/la-squadra\/","url":"https:\/\/www.nido-architecture.com\/it\/la-squadra\/","name":"La squadra - NIDO Architecture","isPartOf":{"@id":"https:\/\/www.nido-architecture.com\/it\/#website"},"primaryImageOfPage":{"@id":"https:\/\/www.nido-architecture.com\/it\/la-squadra\/#primaryimage"},"image":{"@id":"https:\/\/www.nido-architecture.com\/it\/la-squadra\/#primaryimage"},"thumbnailUrl":"https:\/\/www.nido-architecture.com\/wp-content\/uploads\/2024\/08\/684-scaled.jpg","datePublished":"2024-08-28T09:18:11+00:00","dateModified":"2025-12-10T13:12:35+00:00","breadcrumb":{"@id":"https:\/\/www.nido-architecture.com\/it\/la-squadra\/#breadcrumb"},"inLanguage":"it-IT","potentialAction":[{"@type":"ReadAction","target":["https:\/\/www.nido-architecture.com\/it\/la-squadra\/"]}]},{"@type":"ImageObject","inLanguage":"it-IT","@id":"https:\/\/www.nido-architecture.com\/it\/la-squadra\/#primaryimage","url":"https:\/\/www.nido-architecture.com\/wp-content\/uploads\/2024\/08\/684-scaled.jpg","contentUrl":"https:\/\/www.nido-architecture.com\/wp-content\/uploads\/2024\/08\/684-scaled.jpg"},{"@type":"BreadcrumbList","@id":"https:\/\/www.nido-architecture.com\/it\/la-squadra\/#breadcrumb","itemListElement":[{"@type":"ListItem","position":1,"name":"Accueil","item":"https:\/\/www.nido-architecture.com\/it\/"},{"@type":"ListItem","position":2,"name":"La squadra"}]},{"@type":"WebSite","@id":"https:\/\/www.nido-architecture.com\/it\/#website","url":"https:\/\/www.nido-architecture.com\/it\/","name":"NIDO Architecture","description":"","publisher":{"@id":"https:\/\/www.nido-architecture.com\/it\/#organization"},"potentialAction":[{"@type":"SearchAction","target":{"@type":"EntryPoint","urlTemplate":"https:\/\/www.nido-architecture.com\/it\/?s={search_term_string}"},"query-input":{"@type":"PropertyValueSpecification","valueRequired":true,"valueName":"search_term_string"}}],"inLanguage":"it-IT"},{"@type":"Organization","@id":"https:\/\/www.nido-architecture.com\/it\/#organization","name":"NIDO Architecture","url":"https:\/\/www.nido-architecture.com\/it\/","logo":{"@type":"ImageObject","inLanguage":"it-IT","@id":"https:\/\/www.nido-architecture.com\/it\/#\/schema\/logo\/image\/","url":"https:\/\/www.nido-architecture.com\/wp-content\/uploads\/2024\/08\/headerLogo-white-1.png","contentUrl":"https:\/\/www.nido-architecture.com\/wp-content\/uploads\/2024\/08\/headerLogo-white-1.png","width":301,"height":199,"caption":"NIDO Architecture"},"image":{"@id":"https:\/\/www.nido-architecture.com\/it\/#\/schema\/logo\/image\/"},"sameAs":["https:\/\/fr-fr.facebook.com\/nido.architecture"]}]}},"_links":{"self":[{"href":"https:\/\/www.nido-architecture.com\/it\/wp-json\/wp\/v2\/pages\/9023","targetHints":{"allow":["GET"]}}],"collection":[{"href":"https:\/\/www.nido-architecture.com\/it\/wp-json\/wp\/v2\/pages"}],"about":[{"href":"https:\/\/www.nido-architecture.com\/it\/wp-json\/wp\/v2\/types\/page"}],"author":[{"embeddable":true,"href":"https:\/\/www.nido-architecture.com\/it\/wp-json\/wp\/v2\/users\/2"}],"replies":[{"embeddable":true,"href":"https:\/\/www.nido-architecture.com\/it\/wp-json\/wp\/v2\/comments?post=9023"}],"version-history":[{"count":0,"href":"https:\/\/www.nido-architecture.com\/it\/wp-json\/wp\/v2\/pages\/9023\/revisions"}],"wp:attachment":[{"href":"https:\/\/www.nido-architecture.com\/it\/wp-json\/wp\/v2\/media?parent=9023"}],"curies":[{"name":"wp","href":"https:\/\/api.w.org\/{rel}","templated":true}]}}